{"id":8,"date":"2021-05-22T19:16:58","date_gmt":"2021-05-22T17:16:58","guid":{"rendered":"http:\/\/fercavan.es\/?page_id=8"},"modified":"2021-08-24T17:28:32","modified_gmt":"2021-08-24T15:28:32","slug":"inicio","status":"publish","type":"page","link":"https:\/\/fercavan.es\/","title":{"rendered":"Fercavan"},"content":{"rendered":"\n<p>Taller especializado en camperizaci\u00f3n de veh\u00edculos.<\/p>\n\n\n\n<p>Fercavan es un taller con m\u00e1s de 25 a\u00f1os de experiencia, situado en Reus, Tarragona. Estamos especializados en camperizaci\u00f3n de veh\u00edculos y todo tipo de accesorios y modificaciones. No dudes en contactar con nosotros si tienes cualquier duda.<\/p>\n","protected":false},"excerpt":{"rendered":"<p>Taller especializado en camperizaci\u00f3n de veh\u00edculos. Fercavan es un taller con m\u00e1s de 25 a\u00f1os de experiencia, situado en Reus, Tarragona. Estamos especializados en camperizaci\u00f3n de veh\u00edculos y todo tipo de accesorios y modificaciones. No dudes en contactar con nosotros si tienes cualquier duda.<\/p>\n","protected":false},"author":1,"featured_media":93,"parent":0,"menu_order":0,"comment_status":"closed","ping_status":"closed","template":"","meta":[],"yoast_head":"<!-- This site is optimized with the Yoast SEO plugin v17.0 - https:\/\/yoast.com\/wordpress\/plugins\/seo\/ -->\n<title>Fercavan - Fercavan<\/title>\n<meta name=\"description\" content=\"Fercavan es un taller con m\u00e1s de 25 a\u00f1os de experiencia, situado en Reus, Tarragona. Estamos especializados en camperizaci\u00f3n de veh\u00edculos y todo tipo de accesorios y modificaciones. No dudes en contactar con nosotros si tienes cualquier duda.\" \/>\n<meta name=\"robots\" content=\"index, follow, max-snippet:-1, max-image-preview:large, max-video-preview:-1\" \/>\n<link rel=\"canonical\" href=\"https:\/\/fercavan.es\/\" \/>\n<meta property=\"og:locale\" content=\"es_ES\" \/>\n<meta property=\"og:type\" content=\"article\" \/>\n<meta property=\"og:title\" content=\"Fercavan - Fercavan\" \/>\n<meta property=\"og:description\" content=\"Fercavan es un taller con m\u00e1s de 25 a\u00f1os de experiencia, situado en Reus, Tarragona. Estamos especializados en camperizaci\u00f3n de veh\u00edculos y todo tipo de accesorios y modificaciones. No dudes en contactar con nosotros si tienes cualquier duda.\" \/>\n<meta property=\"og:url\" content=\"https:\/\/fercavan.es\/\" \/>\n<meta property=\"og:site_name\" content=\"Fercavan\" \/>\n<meta property=\"article:modified_time\" content=\"2021-08-24T15:28:32+00:00\" \/>\n<meta property=\"og:image\" content=\"https:\/\/fercavan.es\/wp-content\/uploads\/2021\/08\/IMG_20200815_210025-scaled-e1629818839596.jpg\" \/>\n\t<meta property=\"og:image:width\" content=\"900\" \/>\n\t<meta property=\"og:image:height\" content=\"1200\" \/>\n<meta name=\"twitter:card\" content=\"summary_large_image\" \/>\n<meta name=\"twitter:label1\" content=\"Tiempo de lectura\" \/>\n\t<meta name=\"twitter:data1\" content=\"1 minuto\" \/>\n<script type=\"application\/ld+json\" class=\"yoast-schema-graph\">{\"@context\":\"https:\/\/schema.org\",\"@graph\":[{\"@type\":\"Organization\",\"@id\":\"https:\/\/fercavan.es\/#organization\",\"name\":\"fercavan\",\"url\":\"https:\/\/fercavan.es\/\",\"sameAs\":[],\"logo\":{\"@type\":\"ImageObject\",\"@id\":\"https:\/\/fercavan.es\/#logo\",\"inLanguage\":\"es\",\"url\":\"https:\/\/fercavan.es\/wp-content\/uploads\/2021\/05\/cropped-Captura-de-Pantalla-2021-05-23-a-les-11.47.23.png\",\"contentUrl\":\"https:\/\/fercavan.es\/wp-content\/uploads\/2021\/05\/cropped-Captura-de-Pantalla-2021-05-23-a-les-11.47.23.png\",\"width\":250,\"height\":250,\"caption\":\"fercavan\"},\"image\":{\"@id\":\"https:\/\/fercavan.es\/#logo\"}},{\"@type\":\"WebSite\",\"@id\":\"https:\/\/fercavan.es\/#website\",\"url\":\"https:\/\/fercavan.es\/\",\"name\":\"Fercavan\",\"description\":\"Camperizaci\\u00f3n de veh\\u00edculos\",\"publisher\":{\"@id\":\"https:\/\/fercavan.es\/#organization\"},\"potentialAction\":[{\"@type\":\"SearchAction\",\"target\":{\"@type\":\"EntryPoint\",\"urlTemplate\":\"https:\/\/fercavan.es\/?s={search_term_string}\"},\"query-input\":\"required name=search_term_string\"}],\"inLanguage\":\"es\"},{\"@type\":\"ImageObject\",\"@id\":\"https:\/\/fercavan.es\/#primaryimage\",\"inLanguage\":\"es\",\"url\":\"https:\/\/fercavan.es\/wp-content\/uploads\/2021\/08\/IMG_20200815_210025-scaled-e1629818839596.jpg\",\"contentUrl\":\"https:\/\/fercavan.es\/wp-content\/uploads\/2021\/08\/IMG_20200815_210025-scaled-e1629818839596.jpg\",\"width\":900,\"height\":1200},{\"@type\":\"WebPage\",\"@id\":\"https:\/\/fercavan.es\/#webpage\",\"url\":\"https:\/\/fercavan.es\/\",\"name\":\"Fercavan - Fercavan\",\"isPartOf\":{\"@id\":\"https:\/\/fercavan.es\/#website\"},\"primaryImageOfPage\":{\"@id\":\"https:\/\/fercavan.es\/#primaryimage\"},\"datePublished\":\"2021-05-22T17:16:58+00:00\",\"dateModified\":\"2021-08-24T15:28:32+00:00\",\"description\":\"Fercavan es un taller con m\\u00e1s de 25 a\\u00f1os de experiencia, situado en Reus, Tarragona. Estamos especializados en camperizaci\\u00f3n de veh\\u00edculos y todo tipo de accesorios y modificaciones. No dudes en contactar con nosotros si tienes cualquier duda.\",\"breadcrumb\":{\"@id\":\"https:\/\/fercavan.es\/#breadcrumb\"},\"inLanguage\":\"es\",\"potentialAction\":[{\"@type\":\"ReadAction\",\"target\":[\"https:\/\/fercavan.es\/\"]}]},{\"@type\":\"BreadcrumbList\",\"@id\":\"https:\/\/fercavan.es\/#breadcrumb\",\"itemListElement\":[{\"@type\":\"ListItem\",\"position\":1,\"name\":\"Portada\",\"item\":\"https:\/\/fercavan.es\/\"},{\"@type\":\"ListItem\",\"position\":2,\"name\":\"Fercavan\"}]}]}<\/script>\n<!-- \/ Yoast SEO plugin. -->","yoast_head_json":{"title":"Fercavan - Fercavan","description":"Fercavan es un taller con m\u00e1s de 25 a\u00f1os de experiencia, situado en Reus, Tarragona. Estamos especializados en camperizaci\u00f3n de veh\u00edculos y todo tipo de accesorios y modificaciones. No dudes en contactar con nosotros si tienes cualquier duda.","robots":{"index":"index","follow":"follow","max-snippet":"max-snippet:-1","max-image-preview":"max-image-preview:large","max-video-preview":"max-video-preview:-1"},"canonical":"https:\/\/fercavan.es\/","og_locale":"es_ES","og_type":"article","og_title":"Fercavan - Fercavan","og_description":"Fercavan es un taller con m\u00e1s de 25 a\u00f1os de experiencia, situado en Reus, Tarragona. Estamos especializados en camperizaci\u00f3n de veh\u00edculos y todo tipo de accesorios y modificaciones. No dudes en contactar con nosotros si tienes cualquier duda.","og_url":"https:\/\/fercavan.es\/","og_site_name":"Fercavan","article_modified_time":"2021-08-24T15:28:32+00:00","og_image":[{"width":900,"height":1200,"url":"https:\/\/fercavan.es\/wp-content\/uploads\/2021\/08\/IMG_20200815_210025-scaled-e1629818839596.jpg","path":"\/home\/fercavq\/www\/wp-content\/uploads\/2021\/08\/IMG_20200815_210025-scaled-e1629818839596.jpg","size":"full","id":93,"alt":"","pixels":1080000,"type":"image\/jpeg"}],"twitter_card":"summary_large_image","twitter_misc":{"Tiempo de lectura":"1 minuto"},"schema":{"@context":"https:\/\/schema.org","@graph":[{"@type":"Organization","@id":"https:\/\/fercavan.es\/#organization","name":"fercavan","url":"https:\/\/fercavan.es\/","sameAs":[],"logo":{"@type":"ImageObject","@id":"https:\/\/fercavan.es\/#logo","inLanguage":"es","url":"https:\/\/fercavan.es\/wp-content\/uploads\/2021\/05\/cropped-Captura-de-Pantalla-2021-05-23-a-les-11.47.23.png","contentUrl":"https:\/\/fercavan.es\/wp-content\/uploads\/2021\/05\/cropped-Captura-de-Pantalla-2021-05-23-a-les-11.47.23.png","width":250,"height":250,"caption":"fercavan"},"image":{"@id":"https:\/\/fercavan.es\/#logo"}},{"@type":"WebSite","@id":"https:\/\/fercavan.es\/#website","url":"https:\/\/fercavan.es\/","name":"Fercavan","description":"Camperizaci\u00f3n de veh\u00edculos","publisher":{"@id":"https:\/\/fercavan.es\/#organization"},"potentialAction":[{"@type":"SearchAction","target":{"@type":"EntryPoint","urlTemplate":"https:\/\/fercavan.es\/?s={search_term_string}"},"query-input":"required name=search_term_string"}],"inLanguage":"es"},{"@type":"ImageObject","@id":"https:\/\/fercavan.es\/#primaryimage","inLanguage":"es","url":"https:\/\/fercavan.es\/wp-content\/uploads\/2021\/08\/IMG_20200815_210025-scaled-e1629818839596.jpg","contentUrl":"https:\/\/fercavan.es\/wp-content\/uploads\/2021\/08\/IMG_20200815_210025-scaled-e1629818839596.jpg","width":900,"height":1200},{"@type":"WebPage","@id":"https:\/\/fercavan.es\/#webpage","url":"https:\/\/fercavan.es\/","name":"Fercavan - Fercavan","isPartOf":{"@id":"https:\/\/fercavan.es\/#website"},"primaryImageOfPage":{"@id":"https:\/\/fercavan.es\/#primaryimage"},"datePublished":"2021-05-22T17:16:58+00:00","dateModified":"2021-08-24T15:28:32+00:00","description":"Fercavan es un taller con m\u00e1s de 25 a\u00f1os de experiencia, situado en Reus, Tarragona. Estamos especializados en camperizaci\u00f3n de veh\u00edculos y todo tipo de accesorios y modificaciones. No dudes en contactar con nosotros si tienes cualquier duda.","breadcrumb":{"@id":"https:\/\/fercavan.es\/#breadcrumb"},"inLanguage":"es","potentialAction":[{"@type":"ReadAction","target":["https:\/\/fercavan.es\/"]}]},{"@type":"BreadcrumbList","@id":"https:\/\/fercavan.es\/#breadcrumb","itemListElement":[{"@type":"ListItem","position":1,"name":"Portada","item":"https:\/\/fercavan.es\/"},{"@type":"ListItem","position":2,"name":"Fercavan"}]}]}},"_links":{"self":[{"href":"https:\/\/fercavan.es\/index.php?rest_route=\/wp\/v2\/pages\/8"}],"collection":[{"href":"https:\/\/fercavan.es\/index.php?rest_route=\/wp\/v2\/pages"}],"about":[{"href":"https:\/\/fercavan.es\/index.php?rest_route=\/wp\/v2\/types\/page"}],"author":[{"embeddable":true,"href":"https:\/\/fercavan.es\/index.php?rest_route=\/wp\/v2\/users\/1"}],"replies":[{"embeddable":true,"href":"https:\/\/fercavan.es\/index.php?rest_route=%2Fwp%2Fv2%2Fcomments&post=8"}],"version-history":[{"count":5,"href":"https:\/\/fercavan.es\/index.php?rest_route=\/wp\/v2\/pages\/8\/revisions"}],"predecessor-version":[{"id":94,"href":"https:\/\/fercavan.es\/index.php?rest_route=\/wp\/v2\/pages\/8\/revisions\/94"}],"wp:featuredmedia":[{"embeddable":true,"href":"https:\/\/fercavan.es\/index.php?rest_route=\/wp\/v2\/media\/93"}],"wp:attachment":[{"href":"https:\/\/fercavan.es\/index.php?rest_route=%2Fwp%2Fv2%2Fmedia&parent=8"}],"curies":[{"name":"wp","href":"https:\/\/api.w.org\/{rel}","templated":true}]}}